{"id":3,"date":"2019-03-12T18:47:05","date_gmt":"2019-03-12T18:47:05","guid":{"rendered":"http:\/\/deseda.kaposvar\/?page_id=3"},"modified":"2019-03-18T20:24:09","modified_gmt":"2019-03-18T20:24:09","slug":"cookie","status":"publish","type":"page","link":"https:\/\/deseda.kaposvar.hu\/hu\/cookie\/","title":{"rendered":"Cookie-k"},"content":{"rendered":"<p class=\"kv-page-content-paragraph\">E honlap megfelel\u0151 m\u0171k\u00f6d\u00e9s\u00e9hez n\u00e9ha s\u00fctiknek \u2013 vagy az angol eredeti alapj\u00e1n cookie-knak \u2013 nevezett adatf\u00e1jlokat kell elhelyezn\u00fcnk sz\u00e1m\u00edt\u00f3g\u00e9p\u00e9n, ahogy azt m\u00e1s nagy webhelyek \u00e9s internetszolg\u00e1ltat\u00f3k is teszik.<\/p>\n<div class=\"kv-page-margin-1\">\u00a0<\/div>\n<h2 class=\"kv-page-content-title\">Mik is azok a s\u00fctik?<\/h2>\n<p class=\"kv-page-content-paragraph\">A s\u00fctik kis sz\u00f6vegf\u00e1jlok, melyeket a webhely az oldalaira l\u00e1togat\u00f3 felhaszn\u00e1l\u00f3 sz\u00e1m\u00edt\u00f3g\u00e9p\u00e9n, illetve mobilk\u00e9sz\u00fcl\u00e9k\u00e9n t\u00e1rol el. A s\u00fctik seg\u00edts\u00e9g\u00e9vel a honlap bizonyos ideig megjegyzi az \u00d6n m\u0171veleteit \u00e9s szem\u00e9lyes be\u00e1ll\u00edt\u00e1sait (pl. a felhaszn\u00e1l\u00f3i nevet, a nyelvet, a bet\u0171m\u00e9retet \u00e9s a honlap megjelen\u00edt\u00e9s\u00e9vel kapcsolatos t\u00f6bbi egyedi be\u00e1ll\u00edt\u00e1st), \u00edgy \u00d6nnek nem kell azokat \u00fajra megadnia minden egyes alkalommal, amikor honlapunkra ell\u00e1togat, vagy az egyik lapr\u00f3l \u00e1tnavig\u00e1l egy m\u00e1sikra.<\/p>\n<div class=\"kv-page-margin-1\">\u00a0<\/div>\n<h2 class=\"kv-page-content-title\">Hogyan haszn\u00e1ljuk fel a s\u00fctiket?<\/h2>\n<p class=\"kv-page-content-paragraphtitle kv-page-content-paragraph\">Port\u00e1lunk sz\u00e1mos oldala s\u00fctik seg\u00edts\u00e9g\u00e9vel tartja nyilv\u00e1n a k\u00f6vetkez\u0151ket:<\/p>\n<ul>\n\t<li>az \u00d6n megjelen\u00edt\u00e9si be\u00e1ll\u00edt\u00e1sait, pl. a sz\u00edn- \u00e9s bet\u0171t\u00edpus-be\u00e1ll\u00edt\u00e1sokat;<\/li>\n\t<li>azt, hogy \u00d6n v\u00e1laszolt-e m\u00e1r a weboldal tartalm\u00e1nak hasznoss\u00e1g\u00e1t felm\u00e9r\u0151 felugr\u00f3 k\u00e9rd\u0151\u00edvre (hogy ne kapjon t\u00f6bb felk\u00e9r\u00e9st a kit\u00f6lt\u00e9sre);<\/li>\n\t<li>azt, hogy \u00d6n beleegyezett-e (vagy sem) abba, hogy a webhely\u00fcnk s\u00fctiket haszn\u00e1ljon.<\/li>\n<\/ul>\n<p class=\"kv-page-content-paragraph\">Emellett a port\u00e1lunkon elhelyezett videofilmek, k\u00f6z\u00f6ss\u00e9gi modulok n\u00e9melyike szint\u00e9n haszn\u00e1l s\u00fctiket, hogy n\u00e9vtelen statisztikai adatokat gy\u0171jts\u00f6n arr\u00f3l, milyen el\u00e9r\u00e9si \u00fatvonalon \u00e9rkezik a felhaszn\u00e1l\u00f3 az adott oldalra, \u00e9s mely videofilmeket, bejegyz\u00e9seket, tartalmakat n\u00e9zi meg.<\/p>\n<p class=\"kv-page-content-paragraph\">A s\u00fctiknek az enged\u00e9lyez\u00e9se nem felt\u00e9tlen\u00fcl sz\u00fcks\u00e9ges a webhely m\u0171k\u00f6d\u00e9s\u00e9hez, de jav\u00edtja a b\u00f6ng\u00e9sz\u00e9s \u00e9lm\u00e9ny\u00e9t \u00e9s teljes\u00edtm\u00e9ny\u00e9t. \u00d6n t\u00f6r\u00f6lheti vagy letilthatja ezeket a s\u00fctiket, de ebben az esetben el\u0151fordulhat, hogy a webhely bizonyos funkci\u00f3i nem m\u0171k\u00f6dnek rendeltet\u00e9sszer\u0171en.<\/p>\n<p class=\"kv-page-content-paragraph\">A s\u00fctik \u00e1ltal t\u00e1rolt inform\u00e1ci\u00f3kat <span style=\"font-family: 'Garamond Semibold';\">nem haszn\u00e1ljuk fel az \u00d6n szem\u00e9lyazonoss\u00e1g\u00e1nak meg\u00e1llap\u00edt\u00e1s\u00e1ra<\/span>, \u00e9s a mintaadatok teljes m\u00e9rt\u00e9kben az ellen\u0151rz\u00e9s\u00fcnk alatt \u00e1llnak. A s\u00fctik \u00e1ltal t\u00e1rolt inform\u00e1ci\u00f3k kiz\u00e1r\u00f3lag az itt le\u00edrt c\u00e9lokra ker\u00fclnek felhaszn\u00e1l\u00e1sra.<\/p>\n<div class=\"kv-page-margin-1\">\u00a0<\/div>\n<h2 class=\"kv-page-content-title\">A s\u00fctik karbantart\u00e1sa<\/h2>\n<p class=\"kv-page-content-paragraph\">\u00d6nnek lehet\u0151s\u00e9ge van arra, hogy karbantartsa \u00e9s\/vagy tetsz\u00e9s szerint t\u00f6r\u00f6lje a s\u00fctiket. K\u00e9rj\u00fck, hogy az ezzel kapcsolatos tudnival\u00f3k\u00e9rt l\u00e1togasson el az aboutcookies.org webhelyre. \u00d6n t\u00f6r\u00f6lni tudja a sz\u00e1m\u00edt\u00f3g\u00e9p\u00e9n t\u00e1rolt \u00f6sszes s\u00fctit, \u00e9s a b\u00f6ng\u00e9sz\u0151programok t\u00f6bbs\u00e9g\u00e9ben le tudja tiltani a telep\u00edt\u00e9s\u00fcket. Ebben az esetben azonban el\u0151fordulhat, hogy minden alkalommal, amikor ell\u00e1togat egy adott oldalra, manu\u00e1lisan el kell v\u00e9geznie egyes be\u00e1ll\u00edt\u00e1sokat, \u00e9s sz\u00e1molnia kell azzal is, hogy bizonyos szolg\u00e1ltat\u00e1sok \u00e9s funkci\u00f3k esetleg nem m\u0171k\u00f6dnek.<\/p>\n<div class=\"kv-page-margin-15\">\u00a0<\/div>","protected":false},"excerpt":{"rendered":"E honlap megfelel\u0151 m\u0171k\u00f6d\u00e9s\u00e9hez n\u00e9ha s\u00fctiknek \u2013 vagy az angol eredeti alapj\u00e1n cookie-knak \u2013 nevezett adatf\u00e1jlokat kell elhelyezn\u00fcnk sz\u00e1m\u00edt\u00f3g\u00e9p\u00e9n, ahogy azt m\u00e1s nagy webhelyek \u00e9s internetszolg\u00e1ltat\u00f3k is teszik. \u00a0 Mik is azok a s\u00fctik? A s\u00fctik kis sz\u00f6vegf\u00e1jlok, melyeket a webhely az oldalaira l\u00e1togat\u00f3 felhaszn\u00e1l\u00f3 sz\u00e1m\u00edt\u00f3g\u00e9p\u00e9n, illetve mobilk\u00e9sz\u00fcl\u00e9k\u00e9n t\u00e1rol el. A s\u00fctik seg\u00edts\u00e9g\u00e9vel a honlap [&hellip;]","protected":false},"author":1,"featured_media":0,"parent":0,"menu_order":1,"comment_status":"closed","ping_status":"open","template":"","meta":[],"acf":[],"yoast_head":"<!-- This site is optimized with the Yoast SEO plugin v19.8 - https:\/\/yoast.com\/wordpress\/plugins\/seo\/ -->\n<title>Cookie-k - Deseda<\/title>\n<meta name=\"robots\" content=\"noindex, follow, max-snippet:-1, max-image-preview:large, max-video-preview:-1\" \/>\n<meta property=\"og:locale\" content=\"hu_HU\" \/>\n<meta property=\"og:type\" content=\"article\" \/>\n<meta property=\"og:title\" content=\"Cookie-k - Deseda\" \/>\n<meta property=\"og:description\" content=\"E honlap megfelel\u0151 m\u0171k\u00f6d\u00e9s\u00e9hez n\u00e9ha s\u00fctiknek \u2013 vagy az angol eredeti alapj\u00e1n cookie-knak \u2013 nevezett adatf\u00e1jlokat kell elhelyezn\u00fcnk sz\u00e1m\u00edt\u00f3g\u00e9p\u00e9n, ahogy azt m\u00e1s nagy webhelyek \u00e9s internetszolg\u00e1ltat\u00f3k is teszik. \u00a0 Mik is azok a s\u00fctik? A s\u00fctik kis sz\u00f6vegf\u00e1jlok, melyeket a webhely az oldalaira l\u00e1togat\u00f3 felhaszn\u00e1l\u00f3 sz\u00e1m\u00edt\u00f3g\u00e9p\u00e9n, illetve mobilk\u00e9sz\u00fcl\u00e9k\u00e9n t\u00e1rol el. A s\u00fctik seg\u00edts\u00e9g\u00e9vel a honlap [&hellip;]\" \/>\n<meta property=\"og:url\" content=\"https:\/\/deseda.kaposvar.hu\/hu\/cookie\/\" \/>\n<meta property=\"og:site_name\" content=\"Deseda\" \/>\n<meta property=\"article:modified_time\" content=\"2019-03-18T20:24:09+00:00\" \/>\n<meta name=\"twitter:card\" content=\"summary_large_image\" \/>\n<meta name=\"twitter:label1\" content=\"Becs\u00fclt olvas\u00e1si id\u0151\" \/>\n\t<meta name=\"twitter:data1\" content=\"7 perc\" \/>\n<script type=\"application\/ld+json\" class=\"yoast-schema-graph\">{\"@context\":\"https:\/\/schema.org\",\"@graph\":[{\"@type\":\"WebPage\",\"@id\":\"https:\/\/deseda.kaposvar.hu\/hu\/cookie\/\",\"url\":\"https:\/\/deseda.kaposvar.hu\/hu\/cookie\/\",\"name\":\"Cookie-k - Deseda\",\"isPartOf\":{\"@id\":\"https:\/\/deseda.kaposvar.hu\/hu\/#website\"},\"datePublished\":\"2019-03-12T18:47:05+00:00\",\"dateModified\":\"2019-03-18T20:24:09+00:00\",\"breadcrumb\":{\"@id\":\"https:\/\/deseda.kaposvar.hu\/hu\/cookie\/#breadcrumb\"},\"inLanguage\":\"hu\",\"potentialAction\":[{\"@type\":\"ReadAction\",\"target\":[[\"https:\/\/deseda.kaposvar.hu\/hu\/cookie\/\"]]}]},{\"@type\":\"BreadcrumbList\",\"@id\":\"https:\/\/deseda.kaposvar.hu\/hu\/cookie\/#breadcrumb\",\"itemListElement\":[{\"@type\":\"ListItem\",\"position\":1,\"name\":\"Home\",\"item\":\"https:\/\/deseda.kaposvar.hu\/hu\/\"},{\"@type\":\"ListItem\",\"position\":2,\"name\":\"Cookie-k\"}]},{\"@type\":\"WebSite\",\"@id\":\"https:\/\/deseda.kaposvar.hu\/hu\/#website\",\"url\":\"https:\/\/deseda.kaposvar.hu\/hu\/\",\"name\":\"Deseda\",\"description\":\"\",\"potentialAction\":[{\"@type\":\"SearchAction\",\"target\":{\"@type\":\"EntryPoint\",\"urlTemplate\":\"https:\/\/deseda.kaposvar.hu\/hu\/?s={search_term_string}\"},\"query-input\":\"required name=search_term_string\"}],\"inLanguage\":\"hu\"}]}<\/script>\n<!-- \/ Yoast SEO plugin. -->","yoast_head_json":{"title":"Cookie-k - Deseda","robots":{"index":"noindex","follow":"follow","max-snippet":"max-snippet:-1","max-image-preview":"max-image-preview:large","max-video-preview":"max-video-preview:-1"},"og_locale":"hu_HU","og_type":"article","og_title":"Cookie-k - Deseda","og_description":"E honlap megfelel\u0151 m\u0171k\u00f6d\u00e9s\u00e9hez n\u00e9ha s\u00fctiknek \u2013 vagy az angol eredeti alapj\u00e1n cookie-knak \u2013 nevezett adatf\u00e1jlokat kell elhelyezn\u00fcnk sz\u00e1m\u00edt\u00f3g\u00e9p\u00e9n, ahogy azt m\u00e1s nagy webhelyek \u00e9s internetszolg\u00e1ltat\u00f3k is teszik. \u00a0 Mik is azok a s\u00fctik? A s\u00fctik kis sz\u00f6vegf\u00e1jlok, melyeket a webhely az oldalaira l\u00e1togat\u00f3 felhaszn\u00e1l\u00f3 sz\u00e1m\u00edt\u00f3g\u00e9p\u00e9n, illetve mobilk\u00e9sz\u00fcl\u00e9k\u00e9n t\u00e1rol el. A s\u00fctik seg\u00edts\u00e9g\u00e9vel a honlap [&hellip;]","og_url":"https:\/\/deseda.kaposvar.hu\/hu\/cookie\/","og_site_name":"Deseda","article_modified_time":"2019-03-18T20:24:09+00:00","twitter_card":"summary_large_image","twitter_misc":{"Becs\u00fclt olvas\u00e1si id\u0151":"7 perc"},"schema":{"@context":"https:\/\/schema.org","@graph":[{"@type":"WebPage","@id":"https:\/\/deseda.kaposvar.hu\/hu\/cookie\/","url":"https:\/\/deseda.kaposvar.hu\/hu\/cookie\/","name":"Cookie-k - Deseda","isPartOf":{"@id":"https:\/\/deseda.kaposvar.hu\/hu\/#website"},"datePublished":"2019-03-12T18:47:05+00:00","dateModified":"2019-03-18T20:24:09+00:00","breadcrumb":{"@id":"https:\/\/deseda.kaposvar.hu\/hu\/cookie\/#breadcrumb"},"inLanguage":"hu","potentialAction":[{"@type":"ReadAction","target":[["https:\/\/deseda.kaposvar.hu\/hu\/cookie\/"]]}]},{"@type":"BreadcrumbList","@id":"https:\/\/deseda.kaposvar.hu\/hu\/cookie\/#breadcrumb","itemListElement":[{"@type":"ListItem","position":1,"name":"Home","item":"https:\/\/deseda.kaposvar.hu\/hu\/"},{"@type":"ListItem","position":2,"name":"Cookie-k"}]},{"@type":"WebSite","@id":"https:\/\/deseda.kaposvar.hu\/hu\/#website","url":"https:\/\/deseda.kaposvar.hu\/hu\/","name":"Deseda","description":"","potentialAction":[{"@type":"SearchAction","target":{"@type":"EntryPoint","urlTemplate":"https:\/\/deseda.kaposvar.hu\/hu\/?s={search_term_string}"},"query-input":"required name=search_term_string"}],"inLanguage":"hu"}]}},"_links":{"self":[{"href":"https:\/\/deseda.kaposvar.hu\/hu\/wp-json\/wp\/v2\/pages\/3"}],"collection":[{"href":"https:\/\/deseda.kaposvar.hu\/hu\/wp-json\/wp\/v2\/pages"}],"about":[{"href":"https:\/\/deseda.kaposvar.hu\/hu\/wp-json\/wp\/v2\/types\/page"}],"author":[{"embeddable":true,"href":"https:\/\/deseda.kaposvar.hu\/hu\/wp-json\/wp\/v2\/users\/1"}],"replies":[{"embeddable":true,"href":"https:\/\/deseda.kaposvar.hu\/hu\/wp-json\/wp\/v2\/comments?post=3"}],"version-history":[{"count":0,"href":"https:\/\/deseda.kaposvar.hu\/hu\/wp-json\/wp\/v2\/pages\/3\/revisions"}],"wp:attachment":[{"href":"https:\/\/deseda.kaposvar.hu\/hu\/wp-json\/wp\/v2\/media?parent=3"}],"curies":[{"name":"wp","href":"https:\/\/api.w.org\/{rel}","templated":true}]}}