{"id":58,"date":"2019-03-18T20:20:54","date_gmt":"2019-03-18T20:20:54","guid":{"rendered":"https:\/\/deseda.kaposvar\/?page_id=58"},"modified":"2019-03-18T20:25:10","modified_gmt":"2019-03-18T20:25:10","slug":"impresszum","status":"publish","type":"page","link":"https:\/\/deseda.kaposvar.hu\/hu\/impresszum\/","title":{"rendered":"Impresszum"},"content":{"rendered":"<h2 class=\"kv-page-content-title\">A honlap tulajdonosa<\/h2>\n<h3 class=\"kv-page-content-title kv-page-content-paragraph kv-page-content-paragraphtitle kv-page-content-subtitle\">Kaposv\u00e1r Megyei Jog\u00fa V\u00e1ros \u00d6nkorm\u00e1nyzata<\/h3>\n<p class=\"kv-page-content-paragraph\"><em>7400 Kaposv\u00e1r, Kossuth t\u00e9r 1.<\/em><br \/>\nTelefon: +36 (82) 501 501<br \/>\nE-mail: info@kaposvar.hu<br \/>\nFacebook: cityofkaposvar<br \/>\nInstagram: cityofkaposvar<\/p>\n<div class=\"kv-page-margin-15\">\u00a0<\/div>","protected":false},"excerpt":{"rendered":"A honlap tulajdonosa Kaposv\u00e1r Megyei Jog\u00fa V\u00e1ros \u00d6nkorm\u00e1nyzata 7400 Kaposv\u00e1r, Kossuth t\u00e9r 1. Telefon: +36 (82) 501 501 E-mail: info@kaposvar.hu Facebook: cityofkaposvar Instagram: cityofkaposvar \u00a0","protected":false},"author":1,"featured_media":0,"parent":0,"menu_order":2,"comment_status":"closed","ping_status":"closed","template":"","meta":[],"acf":[],"yoast_head":"<!-- This site is optimized with the Yoast SEO plugin v19.8 - https:\/\/yoast.com\/wordpress\/plugins\/seo\/ -->\n<title>Impresszum - Deseda<\/title>\n<meta name=\"robots\" content=\"noindex, follow, max-snippet:-1, max-image-preview:large, max-video-preview:-1\" \/>\n<meta property=\"og:locale\" content=\"hu_HU\" \/>\n<meta property=\"og:type\" content=\"article\" \/>\n<meta property=\"og:title\" content=\"Impresszum - Deseda\" \/>\n<meta property=\"og:description\" content=\"A honlap tulajdonosa Kaposv\u00e1r Megyei Jog\u00fa V\u00e1ros \u00d6nkorm\u00e1nyzata 7400 Kaposv\u00e1r, Kossuth t\u00e9r 1. Telefon: +36 (82) 501 501 E-mail: info@kaposvar.hu Facebook: cityofkaposvar Instagram: cityofkaposvar \u00a0\" \/>\n<meta property=\"og:url\" content=\"https:\/\/deseda.kaposvar.hu\/hu\/impresszum\/\" \/>\n<meta property=\"og:site_name\" content=\"Deseda\" \/>\n<meta property=\"article:modified_time\" content=\"2019-03-18T20:25:10+00:00\" \/>\n<meta name=\"twitter:card\" content=\"summary_large_image\" \/>\n<script type=\"application\/ld+json\" class=\"yoast-schema-graph\">{\"@context\":\"https:\/\/schema.org\",\"@graph\":[{\"@type\":\"WebPage\",\"@id\":\"https:\/\/deseda.kaposvar.hu\/hu\/impresszum\/\",\"url\":\"https:\/\/deseda.kaposvar.hu\/hu\/impresszum\/\",\"name\":\"Impresszum - Deseda\",\"isPartOf\":{\"@id\":\"https:\/\/deseda.kaposvar.hu\/hu\/#website\"},\"datePublished\":\"2019-03-18T20:20:54+00:00\",\"dateModified\":\"2019-03-18T20:25:10+00:00\",\"breadcrumb\":{\"@id\":\"https:\/\/deseda.kaposvar.hu\/hu\/impresszum\/#breadcrumb\"},\"inLanguage\":\"hu\",\"potentialAction\":[{\"@type\":\"ReadAction\",\"target\":[[\"https:\/\/deseda.kaposvar.hu\/hu\/impresszum\/\"]]}]},{\"@type\":\"BreadcrumbList\",\"@id\":\"https:\/\/deseda.kaposvar.hu\/hu\/impresszum\/#breadcrumb\",\"itemListElement\":[{\"@type\":\"ListItem\",\"position\":1,\"name\":\"Home\",\"item\":\"https:\/\/deseda.kaposvar.hu\/hu\/\"},{\"@type\":\"ListItem\",\"position\":2,\"name\":\"Impressum\"}]},{\"@type\":\"WebSite\",\"@id\":\"https:\/\/deseda.kaposvar.hu\/hu\/#website\",\"url\":\"https:\/\/deseda.kaposvar.hu\/hu\/\",\"name\":\"Deseda\",\"description\":\"\",\"potentialAction\":[{\"@type\":\"SearchAction\",\"target\":{\"@type\":\"EntryPoint\",\"urlTemplate\":\"https:\/\/deseda.kaposvar.hu\/hu\/?s={search_term_string}\"},\"query-input\":\"required name=search_term_string\"}],\"inLanguage\":\"hu\"}]}<\/script>\n<!-- \/ Yoast SEO plugin. -->","yoast_head_json":{"title":"Impresszum - Deseda","robots":{"index":"noindex","follow":"follow","max-snippet":"max-snippet:-1","max-image-preview":"max-image-preview:large","max-video-preview":"max-video-preview:-1"},"og_locale":"hu_HU","og_type":"article","og_title":"Impresszum - Deseda","og_description":"A honlap tulajdonosa Kaposv\u00e1r Megyei Jog\u00fa V\u00e1ros \u00d6nkorm\u00e1nyzata 7400 Kaposv\u00e1r, Kossuth t\u00e9r 1. Telefon: +36 (82) 501 501 E-mail: info@kaposvar.hu Facebook: cityofkaposvar Instagram: cityofkaposvar \u00a0","og_url":"https:\/\/deseda.kaposvar.hu\/hu\/impresszum\/","og_site_name":"Deseda","article_modified_time":"2019-03-18T20:25:10+00:00","twitter_card":"summary_large_image","schema":{"@context":"https:\/\/schema.org","@graph":[{"@type":"WebPage","@id":"https:\/\/deseda.kaposvar.hu\/hu\/impresszum\/","url":"https:\/\/deseda.kaposvar.hu\/hu\/impresszum\/","name":"Impresszum - Deseda","isPartOf":{"@id":"https:\/\/deseda.kaposvar.hu\/hu\/#website"},"datePublished":"2019-03-18T20:20:54+00:00","dateModified":"2019-03-18T20:25:10+00:00","breadcrumb":{"@id":"https:\/\/deseda.kaposvar.hu\/hu\/impresszum\/#breadcrumb"},"inLanguage":"hu","potentialAction":[{"@type":"ReadAction","target":[["https:\/\/deseda.kaposvar.hu\/hu\/impresszum\/"]]}]},{"@type":"BreadcrumbList","@id":"https:\/\/deseda.kaposvar.hu\/hu\/impresszum\/#breadcrumb","itemListElement":[{"@type":"ListItem","position":1,"name":"Home","item":"https:\/\/deseda.kaposvar.hu\/hu\/"},{"@type":"ListItem","position":2,"name":"Impressum"}]},{"@type":"WebSite","@id":"https:\/\/deseda.kaposvar.hu\/hu\/#website","url":"https:\/\/deseda.kaposvar.hu\/hu\/","name":"Deseda","description":"","potentialAction":[{"@type":"SearchAction","target":{"@type":"EntryPoint","urlTemplate":"https:\/\/deseda.kaposvar.hu\/hu\/?s={search_term_string}"},"query-input":"required name=search_term_string"}],"inLanguage":"hu"}]}},"_links":{"self":[{"href":"https:\/\/deseda.kaposvar.hu\/hu\/wp-json\/wp\/v2\/pages\/58"}],"collection":[{"href":"https:\/\/deseda.kaposvar.hu\/hu\/wp-json\/wp\/v2\/pages"}],"about":[{"href":"https:\/\/deseda.kaposvar.hu\/hu\/wp-json\/wp\/v2\/types\/page"}],"author":[{"embeddable":true,"href":"https:\/\/deseda.kaposvar.hu\/hu\/wp-json\/wp\/v2\/users\/1"}],"replies":[{"embeddable":true,"href":"https:\/\/deseda.kaposvar.hu\/hu\/wp-json\/wp\/v2\/comments?post=58"}],"version-history":[{"count":0,"href":"https:\/\/deseda.kaposvar.hu\/hu\/wp-json\/wp\/v2\/pages\/58\/revisions"}],"wp:attachment":[{"href":"https:\/\/deseda.kaposvar.hu\/hu\/wp-json\/wp\/v2\/media?parent=58"}],"curies":[{"name":"wp","href":"https:\/\/api.w.org\/{rel}","templated":true}]}}